{"id":1273,"date":"2013-04-16T07:56:23","date_gmt":"2013-04-16T05:56:23","guid":{"rendered":"http:\/\/dimitrakouzi.wordpress.com\/?page_id=1273"},"modified":"2026-01-12T12:44:41","modified_gmt":"2026-01-12T10:44:41","slug":"about-2","status":"publish","type":"page","link":"https:\/\/kouziproductions.com\/blog\/about-2\/","title":{"rendered":"About"},"content":{"rendered":"\n<p><strong>Dimitra Kouzi, Creative Producer\/Director, Curator, Audience developer<\/strong><\/p>\n\n\n<div>Dimitra Kouzi grew up in a multicultural environment, attending an international school in Bavaria, Germany, since the age of 6. She became a citizen of the world and learned to communicate and interact with children from 20+ nationalities.<\/div>\n<div>\u00a0<\/div>\n<div>Today she is a filmmaker, journalist, curator and creative producer working in communication strategy and audience development.<\/div>\n<div>A Media and Communications graduate from Ludwig Maximilian University of Munich (Magister KW, Politik, Recht), she also studied Photography and began her career as a journalist. She worked in Print in Germany and Greece, in Radio (producing and moderating <em>Doc Stories<\/em> a one hour weekly programme dedicated to creative documentaries at ERT 3rd programme radio) and in TV as a host for the Hellenic Broadcasting Corporation (ERT), ARTE and ZDF.<\/div>\n<div>She was commissioner for ERT, acquiring 1700 hours of independent documentaries per year for the digital channels. It is there were she created an extensive network in the documentary industry and put all her experience into creatively making films stand out.<\/div>\n<div>Her creative production skills have shaped the scope for filmmakers, festivals, doc workshops and clients in film and television, museums, contemporary art and entertainment. She is an active member of the film community, whether in front of the camera as host and presenter for major media events like the 24 hours ARTE Greek Theme Day 2013; the ZDF Live, moderation Olympic Games opening Athens 2004, or behind the camera as a director \/ producer:<\/div>\n<div>\u00a0<\/div>\n<div><strong>Selected filmography\u00a0<\/strong><\/div>\n<div>\n<div>\u00a0<\/div>\n<div>\u2022 <a href=\"https:\/\/kouziproductions.com\/blog\/2020\/11\/15\/the-kavos-house-welcomes-dimitra-kouzi\/\">Connecting with Mit (Mitropoulos) ARNode<\/a>, feature-length documentary, co-production between Greece and France (in development) director and cinematographer<\/div>\n<\/div>\n<div>\u2022 <a href=\"https:\/\/goodmorningmrfotis.com\">Good Morning Mr Fotis, 2020, 70\u02b9, Greece, Producer\/Director: Docs in Progress Award, Thessaloniki Documentary Festival 2019; official selection and Youth Award, Thessaloniki Documentary Festival 2020\u00a0<\/a><\/div>\n<div>\u2022 Passage to Europe, 2021, 48\u2019, Greece, Producer\/Director, 2021 San Francisco Greek Film Festival Jury Award winner for Best Documentary; Los Angeles Greek Film Festival, Jury Special Mention; Documentary 2021, Japan Foundation President\u2019s Prize, Japan Awards 2021 (NHK Japan Broadcasting Corporation); #ThisisEU European Values Award, E.C. in Greece, Chania Film Festival 2021<\/div>\n<div>\u2022 <a href=\"https:\/\/kouziproductions.com\/blog\/2021\/05\/26\/art-crimes-shoot-in-greece\/\">Art Crimes<\/a>, six part series, by Unknown Media Berlin (production company focusing on high end documentary series), producer Stefano Strocchi, research and line producer for one of the episodes, 2022-23<\/div>\n<div>\u2022 Shach im Slam, dir. Jan Schmidt Garre, Pars Media, Germany \u00a02023, creative producer<\/div>\n<div>\n<div>\n<div>\n<div>\u2022 Love with Obstacles, The History of the Relation between Greeks and Germans, 2019, Germany, Co-author with Ingo Helm (commissioned by ARTE\/NDR)\u00a0<\/div>\n<\/div>\n<\/div>\n<div>\u2022 People, Gods and Other Creatures, dir. Svetlana Strelnicova, produced by Doppelplussultra Hamburg, creative producer, 2024\u00a0<\/div>\n<\/div>\n<div>\n<div>\u2022 Little Land, dir. Nikos Dayadas, based upon her original idea, research and story development, (commissioned by ARTE), 2014<\/div>\n<\/div>\n<div>\n<div><strong>Audience development and communication strategy (selection):\u00a0<\/strong><\/div>\n<div>\u2022 <a href=\"https:\/\/kouziproductions.com\/blog\/2016\/11\/27\/interview-la-chana-idfas-audience-award-2016\/\">La Chana, dir. Lucija Stojevic: Audience Developer for the premiere at IDFA \u2013 <\/a><a href=\"http:\/\/www.catndocs.com\/index.php\/categories\/women\/859-la-chana\">Winner IDFA Audience Award 2016<\/a><\/div>\n<div>\u2022 21 X New York, dir. Piotr Stasik: Communication strategist for EFA Awards 2016<\/div>\n<div>\u2022 <a href=\"https:\/\/kouziproductions.com\/blog\/wp-content\/uploads\/2016\/11\/I_am_not_from_herePK14-11.pdf\">Yo no soy de aqu\u00ed, Dir. Giedr\u0113 \u017dickyt\u0113, Maite Alberdi Communication strategist for EFA Short Documentary Awards 2016<\/a><\/div>\n<div>\u2022 <a href=\"https:\/\/kouziproductions.com\/blog\/press-kits\/press-kit-stills-and-directors-interview-nowhere-to-hide\/\">Nowhere to Hide, dir. Zaradasht Ahmed: Audience Developer for the premiere at IDFA \u2013 Winner Best Feature-Length Documentary IDFA 2016<\/a><\/div>\n<div>\u2022 Siberian Love, dir. Olga Delane, IDFA 2016, audience development and visual identity, including communication strategy\/c\u03bfnsultancy for the first appearance of Hamburg-based Doppelplusultra production company.\u00a0<\/div>\n<div>\u2022 <a href=\"https:\/\/kouziproductions.com\/blog\/2017\/09\/25\/will-communion-be-efas-best-documentary-2017\/\">Communion, dir. Anna Zamecka: Communication strategist for EFA Awards \u2013 Winner EFA Best Documentary 2017<\/a><\/div>\n<div>\u2022 Reconciliation, dir. Marija Zidar: fine cut consulting and communication strategy, CPH:DOX 2021 Next Wave\u00a0<\/div>\n<div>\u2022 <a href=\"https:\/\/kouziproductions.com\/blog\/2020\/12\/06\/radiograph-of-a-family-wins-pair-of-idfa-awards\/\">Radiograph of a Family, dir. Firouzeh Khosrovani: Audience Developer for IDFA premiere \u2013 Winner Best Feature-Length Documentary IDFA 2021<\/a><\/div>\n<div>\u2022 The Balcony Movie, dir. Pawe\u0142 \u0141ozi\u0144ski: Audience Developer for EFA Awards 2022<\/div>\n<div>\u2022 Holy Dilema, dir. Julianna Ugrin, M\u00e1rton V\u00edzkelety: Audience Developer, including visual identity for Astra Film Festival 2022<\/div>\n<div>\u2022 <a href=\"https:\/\/www.moderntimes.review\/fairy-garden\/\">Fairy Garden, dir. Gerg\u0151 Somogyv\u00e1ri, Audience Producer, the film was selected to close the Sarajevo Film Festival 2023, additionally it won the Special Jury Award 2023<\/a><\/div>\n<div>\u2022 <a href=\"https:\/\/kouziproductions.com\/blog\/2024\/04\/26\/girls-stories-girlhood-magic\/\">Girls\u2019 Stories<\/a>, dir. Aga Borzym, Premiere Audience Developer for IDFA premiere Young Audiences 2023<\/div>\n<div>\u2022 Apolonia, Apolonia, dir. Lea Glob, Strategy and Audience for EFA Awards 2023\u00a0<\/div>\n<div><i>\u2022 <a href=\"https:\/\/kouziproductions.com\/blog\/2025\/05\/03\/child-of-dust-50-years-since-the-end-of-the-vietnam-war\/\">Child of Dust<\/a>,<\/i><b> <\/b>dir.<b> <\/b>Weronika Mliczewska:<b> <\/b>main Competition, (winner special mention) Thessaloniki Documentary Festival 2024<br \/><i>\u2022 <a href=\"https:\/\/kouziproductions.com\/blog\/2025\/04\/29\/interview-with-zaradasht-ahmed\/\">The Lions by the River Tigris<\/a><\/i>, dir. Zaradasht Ahmed, Thorvald Nilsen \/ Indie Film Bergen, CPH DOX 2024<\/div>\n<p class=\"p1\"><i>\u2022 <a href=\"https:\/\/kouziproductions.com\/blog\/2025\/11\/13\/amilcar-at-idfa-2025-envision-miguel-eek-in-conversation-with-dimitra-kouzi\/\">Amilcar,<\/a> dir Miguel Eek, <\/i><i>IDFA, Envision<\/i><b> <\/b><i>(Award for Outstanding Artistic Contribution Envision) <\/i><i>2025<\/i><b><i><br \/><\/i><\/b><i>\u2022 In Hell with Ivo, dir. Kristina Nikolova, Divia dir. Dmytro Hreshko and I saw a <\/i><i>Suno, dir. Katalin Barsony, Documentary Competition Sarajevo Film festival <\/i><i>2025<br \/><\/i><\/p>\n<div>\u00a0<\/div>\n<\/div>\n<div><strong>TUTORING\u00a0<\/strong><\/div>\n<div>Dimitra works as a tutor at the LMU Ludwig Maximilian University of Munich and for established workshops such as <a href=\"http:\/\/bdcwebsite.com\">The Balkan Documentary Centre<\/a> and <a href=\"https:\/\/www.cinelinkindustrydays.com\/2023-docu-rough-cut-boutique\">Docu Rough Cut Boutique<\/a> (since 2019) pitching preparation for Sarajevo Film Festival.\u00a0<\/div>\n<div>\u00a0<\/div>\n<div>Beyond consulting and tutoring, she is a speaker, moderator and jury member in several documentary festivals.<\/div>\n<div>\u00a0<\/div>\n<div>In 2015 she founded Kouzi Productions; in the same year, she also graduated from EURODOC. She has been collaborating with filmmakers, festivals and distributors, including IDFA, Prix Europa, Vision du Reel, Institute of Documentary Film Prague, CineDoc Greece (co-organiser of event-based, documentary-themed evening screenings in Athens and Europe 2009\u20132016), KineDok, Deutsche Film und Fernsehakademie Berlin, MIA Market and Japan Prize.<\/div>\n<div>\u00a0<\/div>\n<div>In 2016 she founded KinderDocs Festival for children and young audiences at the Benaki Museum in Athens and MOMus Contemporary Art Museum in Thessaloniki, Greece, in collaboration with IDFA, Doxs Ruhr and doxs! in Germany. <a href=\"https:\/\/kinderdocs.com\">KinderDocs<\/a> produces interdisciplinary educational material for schools which facilitates learning from the environment.<\/div>\n<div>\u00a0<\/div>\n<div>She is fluent in Greek, English and German<\/div>\n<div>\u00a0<\/div>\n<div>\u00a0<\/div>\n<div>\u00a0<\/div>\n<div>Dimitra Kouzi\u00a0<\/div>\n<div>Mob 00306946060862<\/div>\n<div>Tel 00302107219909<\/div>\n<div>dimitra@kouziproductions.com<\/div>\n<div>kouziproductions.com<\/div>\n<div>\u00a0<\/div>\n<div>\u00a0<\/div>\n\n\n<p><\/p>\n","protected":false},"excerpt":{"rendered":"<p>Dimitra Kouzi, Creative Producer\/Director, Curator, Audience developer Dimitra Kouzi grew up in a multicultural environment, attending an international school in Bavaria, Germany, since the age of 6. She became a citizen of the world and learned to communicate and interact with children from 20+ nationalities. \u00a0 Today she is a filmmaker, journalist, curator and creative &hellip; <a href=\"https:\/\/kouziproductions.com\/blog\/about-2\/\" class=\"more-link\">Continue reading <span class=\"screen-reader-text\">About<\/span> <span class=\"meta-nav\">&rarr;<\/span><\/a><\/p>\n","protected":false},"author":2,"featured_media":7455,"parent":0,"menu_order":0,"comment_status":"open","ping_status":"closed","template":"","meta":{"jetpack_post_was_ever_published":false,"footnotes":""},"class_list":["post-1273","page","type-page","status-publish","has-post-thumbnail","hentry"],"jetpack_sharing_enabled":true,"jetpack_shortlink":"https:\/\/wp.me\/P7eMeT-kx","jetpack-related-posts":[],"amp_enabled":true,"_links":{"self":[{"href":"https:\/\/kouziproductions.com\/blog\/wp-json\/wp\/v2\/pages\/1273","targetHints":{"allow":["GET"]}}],"collection":[{"href":"https:\/\/kouziproductions.com\/blog\/wp-json\/wp\/v2\/pages"}],"about":[{"href":"https:\/\/kouziproductions.com\/blog\/wp-json\/wp\/v2\/types\/page"}],"author":[{"embeddable":true,"href":"https:\/\/kouziproductions.com\/blog\/wp-json\/wp\/v2\/users\/2"}],"replies":[{"embeddable":true,"href":"https:\/\/kouziproductions.com\/blog\/wp-json\/wp\/v2\/comments?post=1273"}],"version-history":[{"count":70,"href":"https:\/\/kouziproductions.com\/blog\/wp-json\/wp\/v2\/pages\/1273\/revisions"}],"predecessor-version":[{"id":11388,"href":"https:\/\/kouziproductions.com\/blog\/wp-json\/wp\/v2\/pages\/1273\/revisions\/11388"}],"wp:featuredmedia":[{"embeddable":true,"href":"https:\/\/kouziproductions.com\/blog\/wp-json\/wp\/v2\/media\/7455"}],"wp:attachment":[{"href":"https:\/\/kouziproductions.com\/blog\/wp-json\/wp\/v2\/media?parent=1273"}],"curies":[{"name":"wp","href":"https:\/\/api.w.org\/{rel}","templated":true}]}}